{"id":38,"date":"2017-02-05T14:53:00","date_gmt":"2017-02-05T12:53:00","guid":{"rendered":"https:\/\/www.bagdatlimakine.com.tr\/?page_id=38"},"modified":"2018-01-23T18:54:39","modified_gmt":"2018-01-23T15:54:39","slug":"urunler","status":"publish","type":"page","link":"https:\/\/www.bagdatlimakine.com.tr\/en\/urunler","title":{"rendered":"Products"},"content":{"rendered":"<div class=\"wpb-content-wrapper\">[vc_row][vc_column width=&#8221;1\/3&#8243;][vc_column_text]\n<h4 style=\"text-align: center;\"><span style=\"font-family: verdana, geneva, sans-serif;\"><strong>Bunker System<\/strong><\/span><\/h4>\n<hr \/>\n<h1 style=\"text-align: center;\"><\/h1>\n[\/vc_column_text][vc_single_image image=&#8221;317&#8243; img_size=&#8221;300&#215;300&#8243; alignment=&#8221;center&#8221; style=&#8221;vc_box_outline&#8221; border_color=&#8221;orange&#8221;][\/vc_column][vc_column width=&#8221;1\/3&#8243;][vc_column_text]\n<h4 style=\"text-align: center;\"><strong><span style=\"font-family: verdana, geneva, sans-serif;\">Seed Gravity Separator Machine<\/span><\/strong><\/h4>\n<hr \/>\n<h1 style=\"text-align: center;\"><\/h1>\n[\/vc_column_text][vc_single_image image=&#8221;318&#8243; img_size=&#8221;300&#215;300&#8243; alignment=&#8221;center&#8221; style=&#8221;vc_box_outline&#8221; border_color=&#8221;orange&#8221;][\/vc_column][vc_column width=&#8221;1\/3&#8243;][vc_column_text]\n<h4 style=\"text-align: center;\"><strong><span style=\"font-family: verdana, geneva, sans-serif;\">Peanut Blancher<\/span><\/strong><\/h4>\n<hr \/>\n<h1 style=\"text-align: center;\"><\/h1>\n[\/vc_column_text][vc_single_image image=&#8221;319&#8243; img_size=&#8221;300&#215;300&#8243; alignment=&#8221;center&#8221; style=&#8221;vc_box_outline&#8221; border_color=&#8221;orange&#8221;][\/vc_column][\/vc_row][vc_row][vc_column width=&#8221;1\/3&#8243;][vc_column_text]\n<h4 style=\"text-align: center;\"><strong><span style=\"font-family: verdana, geneva, sans-serif;\">Peanut Sheller And Seperator<\/span><\/strong><\/h4>\n<hr \/>\n<h1 style=\"text-align: center;\"><\/h1>\n[\/vc_column_text][vc_single_image image=&#8221;323&#8243; img_size=&#8221;300&#215;300&#8243; alignment=&#8221;center&#8221; style=&#8221;vc_box_outline&#8221; border_color=&#8221;orange&#8221;][\/vc_column][vc_column width=&#8221;1\/3&#8243;][vc_column_text]\n<h4 style=\"text-align: center;\"><strong><span style=\"font-family: verdana, geneva, sans-serif;\">Lenght Seperator<\/span><\/strong><\/h4>\n<hr \/>\n<h1 style=\"text-align: center;\"><\/h1>\n[\/vc_column_text][vc_single_image image=&#8221;324&#8243; img_size=&#8221;300&#215;300&#8243; alignment=&#8221;center&#8221; style=&#8221;vc_box_outline&#8221; border_color=&#8221;orange&#8221;][\/vc_column][vc_column width=&#8221;1\/3&#8243;][vc_column_text]\n<h4 style=\"text-align: center;\"><strong><span style=\"font-family: verdana, geneva, sans-serif;\">\u00a0Easy Dump Operator<\/span><\/strong><\/h4>\n<hr \/>\n<h1 style=\"text-align: center;\"><\/h1>\n[\/vc_column_text][vc_single_image image=&#8221;325&#8243; img_size=&#8221;300&#215;300&#8243; alignment=&#8221;center&#8221; style=&#8221;vc_box_outline&#8221; border_color=&#8221;orange&#8221;][\/vc_column][\/vc_row][vc_row][vc_column width=&#8221;1\/3&#8243;][vc_column_text]\n<h4 style=\"text-align: center;\"><strong><span style=\"font-family: verdana, geneva, sans-serif;\">Mobile Peanut Density Separator<\/span><\/strong><\/h4>\n<hr \/>\n<h1 style=\"text-align: center;\"><\/h1>\n[\/vc_column_text][vc_single_image image=&#8221;326&#8243; img_size=&#8221;300&#215;300&#8243; alignment=&#8221;center&#8221; style=&#8221;vc_box_outline&#8221; border_color=&#8221;orange&#8221;][\/vc_column][vc_column width=&#8221;1\/3&#8243;][vc_column_text]\n<h4 style=\"text-align: center;\"><strong><span style=\"font-family: verdana, geneva, sans-serif;\">Peanut Density Separator<\/span><\/strong><\/h4>\n<hr \/>\n<h1 style=\"text-align: center;\"><\/h1>\n[\/vc_column_text][vc_single_image image=&#8221;327&#8243; img_size=&#8221;300&#215;300&#8243; alignment=&#8221;center&#8221; style=&#8221;vc_box_outline&#8221; border_color=&#8221;orange&#8221;][\/vc_column][\/vc_row]\n<\/div>","protected":false},"excerpt":{"rendered":"<p>[vc_row][vc_column width=&#8221;1\/3&#8243;][vc_column_text] Bunker System [\/vc_column_text][vc_single_image image=&#8221;317&#8243; img_size=&#8221;300&#215;300&#8243; alignment=&#8221;center&#8221; style=&#8221;vc_box_outline&#8221; border_color=&#8221;orange&#8221;][\/vc_column][vc_column width=&#8221;1\/3&#8243;][vc_column_text] Seed Gravity Separator Machine [\/vc_column_text][vc_single_image image=&#8221;318&#8243; img_size=&#8221;300&#215;300&#8243; alignment=&#8221;center&#8221; style=&#8221;vc_box_outline&#8221; border_color=&#8221;orange&#8221;][\/vc_column][vc_column width=&#8221;1\/3&#8243;][vc_column_text] Peanut Blancher [\/vc_column_text][vc_single_image image=&#8221;319&#8243; img_size=&#8221;300&#215;300&#8243; alignment=&#8221;center&#8221; style=&#8221;vc_box_outline&#8221; border_color=&#8221;orange&#8221;][\/vc_column][\/vc_row][vc_row][vc_column width=&#8221;1\/3&#8243;][vc_column_text] Peanut Sheller And Seperator [\/vc_column_text][vc_single_image image=&#8221;323&#8243; img_size=&#8221;300&#215;300&#8243; alignment=&#8221;center&#8221; style=&#8221;vc_box_outline&#8221; border_color=&#8221;orange&#8221;][\/vc_column][vc_column width=&#8221;1\/3&#8243;][vc_column_text] Lenght Seperator [\/vc_column_text][vc_single_image image=&#8221;324&#8243; img_size=&#8221;300&#215;300&#8243; alignment=&#8221;center&#8221; style=&#8221;vc_box_outline&#8221; border_color=&#8221;orange&#8221;][\/vc_column][vc_column width=&#8221;1\/3&#8243;][vc_column_text] \u00a0Easy Dump Operator [\/vc_column_text][vc_single_image [&hellip;]<\/p>\n","protected":false},"author":1,"featured_media":0,"parent":0,"menu_order":0,"comment_status":"closed","ping_status":"closed","template":"page-contact.php","meta":{"footnotes":""},"class_list":["post-38","page","type-page","status-publish","hentry"],"yoast_head":"<!-- This site is optimized with the Yoast SEO plugin v26.0 - https:\/\/yoast.com\/wordpress\/plugins\/seo\/ -->\n<title>Products - Ba\u011fdatl\u0131 makina I Yer F\u0131st\u0131\u011f\u0131 Makinelerinde &Ouml;nc&uuml; Kurulu\u015f<\/title>\n<meta name=\"robots\" content=\"index, follow, max-snippet:-1, max-image-preview:large, max-video-preview:-1\" \/>\n<link rel=\"canonical\" href=\"https:\/\/www.bagdatlimakine.com.tr\/urunler\" \/>\n<meta property=\"og:locale\" content=\"en_US\" \/>\n<meta property=\"og:type\" content=\"article\" \/>\n<meta property=\"og:title\" content=\"Products - Ba\u011fdatl\u0131 makina I Yer F\u0131st\u0131\u011f\u0131 Makinelerinde &Ouml;nc&uuml; Kurulu\u015f\" \/>\n<meta property=\"og:description\" content=\"[vc_row][vc_column width=&#8221;1\/3&#8243;][vc_column_text] Bunker System [\/vc_column_text][vc_single_image image=&#8221;317&#8243; img_size=&#8221;300&#215;300&#8243; alignment=&#8221;center&#8221; style=&#8221;vc_box_outline&#8221; border_color=&#8221;orange&#8221;][\/vc_column][vc_column width=&#8221;1\/3&#8243;][vc_column_text] Seed Gravity Separator Machine [\/vc_column_text][vc_single_image image=&#8221;318&#8243; img_size=&#8221;300&#215;300&#8243; alignment=&#8221;center&#8221; style=&#8221;vc_box_outline&#8221; border_color=&#8221;orange&#8221;][\/vc_column][vc_column width=&#8221;1\/3&#8243;][vc_column_text] Peanut Blancher [\/vc_column_text][vc_single_image image=&#8221;319&#8243; img_size=&#8221;300&#215;300&#8243; alignment=&#8221;center&#8221; style=&#8221;vc_box_outline&#8221; border_color=&#8221;orange&#8221;][\/vc_column][\/vc_row][vc_row][vc_column width=&#8221;1\/3&#8243;][vc_column_text] Peanut Sheller And Seperator [\/vc_column_text][vc_single_image image=&#8221;323&#8243; img_size=&#8221;300&#215;300&#8243; alignment=&#8221;center&#8221; style=&#8221;vc_box_outline&#8221; border_color=&#8221;orange&#8221;][\/vc_column][vc_column width=&#8221;1\/3&#8243;][vc_column_text] Lenght Seperator [\/vc_column_text][vc_single_image image=&#8221;324&#8243; img_size=&#8221;300&#215;300&#8243; alignment=&#8221;center&#8221; style=&#8221;vc_box_outline&#8221; border_color=&#8221;orange&#8221;][\/vc_column][vc_column width=&#8221;1\/3&#8243;][vc_column_text] \u00a0Easy Dump Operator [\/vc_column_text][vc_single_image [&hellip;]\" \/>\n<meta property=\"og:url\" content=\"https:\/\/www.bagdatlimakine.com.tr\/urunler\" \/>\n<meta property=\"og:site_name\" content=\"Ba\u011fdatl\u0131 makina I Yer F\u0131st\u0131\u011f\u0131 Makinelerinde &Ouml;nc&uuml; Kurulu\u015f\" \/>\n<meta property=\"article:modified_time\" content=\"2018-01-23T15:54:39+00:00\" \/>\n<meta name=\"twitter:card\" content=\"summary_large_image\" \/>\n<meta name=\"twitter:label1\" content=\"Est. reading time\" \/>\n\t<meta name=\"twitter:data1\" content=\"3 minutes\" \/>\n<script type=\"application\/ld+json\" class=\"yoast-schema-graph\">{\"@context\":\"https:\/\/schema.org\",\"@graph\":[{\"@type\":\"WebPage\",\"@id\":\"https:\/\/www.bagdatlimakine.com.tr\/urunler\",\"url\":\"https:\/\/www.bagdatlimakine.com.tr\/urunler\",\"name\":\"Products - Ba\u011fdatl\u0131 makina I Yer F\u0131st\u0131\u011f\u0131 Makinelerinde &Ouml;nc&uuml; Kurulu\u015f\",\"isPartOf\":{\"@id\":\"https:\/\/www.bagdatlimakine.com.tr\/#website\"},\"datePublished\":\"2017-02-05T12:53:00+00:00\",\"dateModified\":\"2018-01-23T15:54:39+00:00\",\"breadcrumb\":{\"@id\":\"https:\/\/www.bagdatlimakine.com.tr\/urunler#breadcrumb\"},\"inLanguage\":\"en-US\",\"potentialAction\":[{\"@type\":\"ReadAction\",\"target\":[\"https:\/\/www.bagdatlimakine.com.tr\/urunler\"]}]},{\"@type\":\"BreadcrumbList\",\"@id\":\"https:\/\/www.bagdatlimakine.com.tr\/urunler#breadcrumb\",\"itemListElement\":[{\"@type\":\"ListItem\",\"position\":1,\"name\":\"Ana sayfa\",\"item\":\"https:\/\/www.bagdatlimakine.com.tr\/\"},{\"@type\":\"ListItem\",\"position\":2,\"name\":\"\u00dcr\u00fcnler\"}]},{\"@type\":\"WebSite\",\"@id\":\"https:\/\/www.bagdatlimakine.com.tr\/#website\",\"url\":\"https:\/\/www.bagdatlimakine.com.tr\/\",\"name\":\"Ba\u011fdatl\u0131 makina I Yer F\u0131st\u0131\u011f\u0131 Makinelerinde &Ouml;nc&uuml; Kurulu\u015f\",\"description\":\"Leading Institution in Peanut Machinery\",\"potentialAction\":[{\"@type\":\"SearchAction\",\"target\":{\"@type\":\"EntryPoint\",\"urlTemplate\":\"https:\/\/www.bagdatlimakine.com.tr\/?s={search_term_string}\"},\"query-input\":{\"@type\":\"PropertyValueSpecification\",\"valueRequired\":true,\"valueName\":\"search_term_string\"}}],\"inLanguage\":\"en-US\"}]}<\/script>\n<!-- \/ Yoast SEO plugin. -->","yoast_head_json":{"title":"Products - Ba\u011fdatl\u0131 makina I Yer F\u0131st\u0131\u011f\u0131 Makinelerinde &Ouml;nc&uuml; Kurulu\u015f","robots":{"index":"index","follow":"follow","max-snippet":"max-snippet:-1","max-image-preview":"max-image-preview:large","max-video-preview":"max-video-preview:-1"},"canonical":"https:\/\/www.bagdatlimakine.com.tr\/urunler","og_locale":"en_US","og_type":"article","og_title":"Products - Ba\u011fdatl\u0131 makina I Yer F\u0131st\u0131\u011f\u0131 Makinelerinde &Ouml;nc&uuml; Kurulu\u015f","og_description":"[vc_row][vc_column width=&#8221;1\/3&#8243;][vc_column_text] Bunker System [\/vc_column_text][vc_single_image image=&#8221;317&#8243; img_size=&#8221;300&#215;300&#8243; alignment=&#8221;center&#8221; style=&#8221;vc_box_outline&#8221; border_color=&#8221;orange&#8221;][\/vc_column][vc_column width=&#8221;1\/3&#8243;][vc_column_text] Seed Gravity Separator Machine [\/vc_column_text][vc_single_image image=&#8221;318&#8243; img_size=&#8221;300&#215;300&#8243; alignment=&#8221;center&#8221; style=&#8221;vc_box_outline&#8221; border_color=&#8221;orange&#8221;][\/vc_column][vc_column width=&#8221;1\/3&#8243;][vc_column_text] Peanut Blancher [\/vc_column_text][vc_single_image image=&#8221;319&#8243; img_size=&#8221;300&#215;300&#8243; alignment=&#8221;center&#8221; style=&#8221;vc_box_outline&#8221; border_color=&#8221;orange&#8221;][\/vc_column][\/vc_row][vc_row][vc_column width=&#8221;1\/3&#8243;][vc_column_text] Peanut Sheller And Seperator [\/vc_column_text][vc_single_image image=&#8221;323&#8243; img_size=&#8221;300&#215;300&#8243; alignment=&#8221;center&#8221; style=&#8221;vc_box_outline&#8221; border_color=&#8221;orange&#8221;][\/vc_column][vc_column width=&#8221;1\/3&#8243;][vc_column_text] Lenght Seperator [\/vc_column_text][vc_single_image image=&#8221;324&#8243; img_size=&#8221;300&#215;300&#8243; alignment=&#8221;center&#8221; style=&#8221;vc_box_outline&#8221; border_color=&#8221;orange&#8221;][\/vc_column][vc_column width=&#8221;1\/3&#8243;][vc_column_text] \u00a0Easy Dump Operator [\/vc_column_text][vc_single_image [&hellip;]","og_url":"https:\/\/www.bagdatlimakine.com.tr\/urunler","og_site_name":"Ba\u011fdatl\u0131 makina I Yer F\u0131st\u0131\u011f\u0131 Makinelerinde &Ouml;nc&uuml; Kurulu\u015f","article_modified_time":"2018-01-23T15:54:39+00:00","twitter_card":"summary_large_image","twitter_misc":{"Est. reading time":"3 minutes"},"schema":{"@context":"https:\/\/schema.org","@graph":[{"@type":"WebPage","@id":"https:\/\/www.bagdatlimakine.com.tr\/urunler","url":"https:\/\/www.bagdatlimakine.com.tr\/urunler","name":"Products - Ba\u011fdatl\u0131 makina I Yer F\u0131st\u0131\u011f\u0131 Makinelerinde &Ouml;nc&uuml; Kurulu\u015f","isPartOf":{"@id":"https:\/\/www.bagdatlimakine.com.tr\/#website"},"datePublished":"2017-02-05T12:53:00+00:00","dateModified":"2018-01-23T15:54:39+00:00","breadcrumb":{"@id":"https:\/\/www.bagdatlimakine.com.tr\/urunler#breadcrumb"},"inLanguage":"en-US","potentialAction":[{"@type":"ReadAction","target":["https:\/\/www.bagdatlimakine.com.tr\/urunler"]}]},{"@type":"BreadcrumbList","@id":"https:\/\/www.bagdatlimakine.com.tr\/urunler#breadcrumb","itemListElement":[{"@type":"ListItem","position":1,"name":"Ana sayfa","item":"https:\/\/www.bagdatlimakine.com.tr\/"},{"@type":"ListItem","position":2,"name":"\u00dcr\u00fcnler"}]},{"@type":"WebSite","@id":"https:\/\/www.bagdatlimakine.com.tr\/#website","url":"https:\/\/www.bagdatlimakine.com.tr\/","name":"Ba\u011fdatl\u0131 makina I Yer F\u0131st\u0131\u011f\u0131 Makinelerinde &Ouml;nc&uuml; Kurulu\u015f","description":"Leading Institution in Peanut Machinery","potentialAction":[{"@type":"SearchAction","target":{"@type":"EntryPoint","urlTemplate":"https:\/\/www.bagdatlimakine.com.tr\/?s={search_term_string}"},"query-input":{"@type":"PropertyValueSpecification","valueRequired":true,"valueName":"search_term_string"}}],"inLanguage":"en-US"}]}},"_links":{"self":[{"href":"https:\/\/www.bagdatlimakine.com.tr\/en\/wp-json\/wp\/v2\/pages\/38","targetHints":{"allow":["GET"]}}],"collection":[{"href":"https:\/\/www.bagdatlimakine.com.tr\/en\/wp-json\/wp\/v2\/pages"}],"about":[{"href":"https:\/\/www.bagdatlimakine.com.tr\/en\/wp-json\/wp\/v2\/types\/page"}],"author":[{"embeddable":true,"href":"https:\/\/www.bagdatlimakine.com.tr\/en\/wp-json\/wp\/v2\/users\/1"}],"replies":[{"embeddable":true,"href":"https:\/\/www.bagdatlimakine.com.tr\/en\/wp-json\/wp\/v2\/comments?post=38"}],"version-history":[{"count":0,"href":"https:\/\/www.bagdatlimakine.com.tr\/en\/wp-json\/wp\/v2\/pages\/38\/revisions"}],"wp:attachment":[{"href":"https:\/\/www.bagdatlimakine.com.tr\/en\/wp-json\/wp\/v2\/media?parent=38"}],"curies":[{"name":"wp","href":"https:\/\/api.w.org\/{rel}","templated":true}]}}