{"id":7,"date":"2017-02-03T22:00:41","date_gmt":"2017-02-03T20:00:41","guid":{"rendered":"https:\/\/www.bagdatlimakine.com.tr\/?page_id=7"},"modified":"2018-01-24T21:49:28","modified_gmt":"2018-01-24T18:49:28","slug":"anasayfa","status":"publish","type":"page","link":"https:\/\/www.bagdatlimakine.com.tr\/en\/","title":{"rendered":"Homepage"},"content":{"rendered":"<div class=\"wpb-content-wrapper\">[vc_row][vc_column][vc_column_text]<div id=\"metaslider-id-496\" style=\"width: 100%; margin: 0 auto;\" class=\"ml-slider-3-101-0 metaslider metaslider-responsive metaslider-496 ml-slider ms-theme-default\" role=\"region\" aria-label=\"in-slider\" data-height=\"500\" data-width=\"1170\">\n    <div id=\"metaslider_container_496\">\n        <ul id='metaslider_496' class='rslides'>\n            <li aria-roledescription='slide' aria-labelledby='slide-0'><img loading=\"lazy\" decoding=\"async\" src=\"https:\/\/www.bagdatlimakine.com.tr\/wp-content\/uploads\/2018\/01\/\u0130-slider-01.png\" height=\"500\" width=\"1170\" alt=\"\" class=\"slider-496 slide-506 msDefaultImage\" \/><\/li>\n            <li style='display: none;' aria-roledescription='slide' aria-labelledby='slide-1'><img loading=\"lazy\" decoding=\"async\" src=\"https:\/\/www.bagdatlimakine.com.tr\/wp-content\/uploads\/2018\/01\/\u0130-slider-02.png\" height=\"500\" width=\"1170\" alt=\"\" class=\"slider-496 slide-507 msDefaultImage\" \/><\/li>\n            <li style='display: none;' aria-roledescription='slide' aria-labelledby='slide-2'><img loading=\"lazy\" decoding=\"async\" src=\"https:\/\/www.bagdatlimakine.com.tr\/wp-content\/uploads\/2018\/01\/\u0130-slider-03.png\" height=\"500\" width=\"1170\" alt=\"\" class=\"slider-496 slide-508 msDefaultImage\" \/><\/li>\n            <li style='display: none;' aria-roledescription='slide' aria-labelledby='slide-3'><img loading=\"lazy\" decoding=\"async\" src=\"https:\/\/www.bagdatlimakine.com.tr\/wp-content\/uploads\/2018\/01\/\u0130-slider-04.png\" height=\"500\" width=\"1170\" alt=\"\" class=\"slider-496 slide-509 msDefaultImage\" \/><\/li>\n            <li style='display: none;' aria-roledescription='slide' aria-labelledby='slide-4'><img loading=\"lazy\" decoding=\"async\" src=\"https:\/\/www.bagdatlimakine.com.tr\/wp-content\/uploads\/2018\/01\/\u0130-slider-05.png\" height=\"500\" width=\"1170\" alt=\"\" class=\"slider-496 slide-510 msDefaultImage\" \/><\/li>\n            <li style='display: none;' aria-roledescription='slide' aria-labelledby='slide-5'><img loading=\"lazy\" decoding=\"async\" src=\"https:\/\/www.bagdatlimakine.com.tr\/wp-content\/uploads\/2018\/01\/\u0130-slider-06.png\" height=\"500\" width=\"1170\" alt=\"\" class=\"slider-496 slide-511 msDefaultImage\" \/><\/li>\n            <li style='display: none;' aria-roledescription='slide' aria-labelledby='slide-6'><img loading=\"lazy\" decoding=\"async\" src=\"https:\/\/www.bagdatlimakine.com.tr\/wp-content\/uploads\/2017\/10\/slider-08-1170x500.png\" height=\"500\" width=\"1170\" alt=\"\" class=\"slider-496 slide-512 msDefaultImage\" \/><\/li>\n            <li style='display: none;' aria-roledescription='slide' aria-labelledby='slide-7'><img loading=\"lazy\" decoding=\"async\" src=\"https:\/\/www.bagdatlimakine.com.tr\/wp-content\/uploads\/2017\/10\/slider-07-1170x500.png\" height=\"500\" width=\"1170\" alt=\"\" class=\"slider-496 slide-513 msDefaultImage\" \/><\/li>\n        <\/ul>\n        \n    <\/div>\n<\/div>[\/vc_column_text][\/vc_column][\/vc_row][vc_row][vc_column width=&#8221;2\/3&#8243;][vc_column_text]\n<p style=\"text-align: justify;\"><strong>Our company was established in 1997 in Osmaniye and manufactures dried nuts machines. Especially in the peanut sector, we are the pioneer in the sector with the design, quality and performance of the machines we manufacture. In the machines designed and manufactured for ground conversion preparation, internal conversion and processing, it avoided 8% loss in 5% crush on the ground. In the case of peanut processing, 400% of the workmanship is reduced. Our company has begun to manufacture mobile models of machines that enable AR-GE work to be cleaned on the ground and in the lunar core, and to clean the product on the ground and in the lunar core, and to clean the product from foreign materials. We design and manufacture special machines according to the needs and desires of our customers. The design and useful models of the machines we manufacture belong completely to our company. In addition, our company which does not compromise in quality has ISO 9001, TSE, CE certificates. Our company works on machines that automatically load agricultural products during the transportation of the product to the factory.<\/strong><\/p>\n[\/vc_column_text][\/vc_column][vc_column width=&#8221;1\/3&#8243;][vc_single_image image=&#8221;487&#8243; img_size=&#8221;full&#8221; alignment=&#8221;center&#8221; onclick=&#8221;custom_link&#8221; link=&#8221;https:\/\/www.bagdatlimakine.com.tr\/katalog&#8221;][\/vc_column][\/vc_row][vc_row][vc_column][vc_single_image image=&#8221;488&#8243; img_size=&#8221;full&#8221; alignment=&#8221;center&#8221;][\/vc_column][\/vc_row][vc_row][vc_column width=&#8221;1\/3&#8243;][vc_column_text]\n<h4 style=\"text-align: center;\"><span style=\"font-family: verdana, geneva, sans-serif;\"><strong>Bunker System<\/strong><\/span><\/h4>\n<hr \/>\n<h1 style=\"text-align: center;\"><\/h1>\n[\/vc_column_text][vc_single_image image=&#8221;317&#8243; img_size=&#8221;300&#215;300&#8243; alignment=&#8221;center&#8221; style=&#8221;vc_box_outline&#8221; border_color=&#8221;orange&#8221;][\/vc_column][vc_column width=&#8221;1\/3&#8243;][vc_column_text]\n<h4 style=\"text-align: center;\"><strong><span style=\"font-family: verdana, geneva, sans-serif;\">Seed Gravity Separator Machine<\/span><\/strong><\/h4>\n<hr \/>\n<h1 style=\"text-align: center;\"><\/h1>\n[\/vc_column_text][vc_single_image image=&#8221;318&#8243; img_size=&#8221;300&#215;300&#8243; alignment=&#8221;center&#8221; style=&#8221;vc_box_outline&#8221; border_color=&#8221;orange&#8221;][\/vc_column][vc_column width=&#8221;1\/3&#8243;][vc_column_text]\n<h4 style=\"text-align: center;\"><strong><span style=\"font-family: verdana, geneva, sans-serif;\">Peanut Blancher<\/span><\/strong><\/h4>\n<hr \/>\n<h1 style=\"text-align: center;\"><\/h1>\n[\/vc_column_text][vc_single_image image=&#8221;319&#8243; img_size=&#8221;300&#215;300&#8243; alignment=&#8221;center&#8221; style=&#8221;vc_box_outline&#8221; border_color=&#8221;orange&#8221;][\/vc_column][\/vc_row][vc_row][vc_column width=&#8221;1\/3&#8243;][vc_column_text]\n<h4 style=\"text-align: center;\"><strong><span style=\"font-family: verdana, geneva, sans-serif;\">Peanut Sheller And Seperator<\/span><\/strong><\/h4>\n<hr \/>\n<h1 style=\"text-align: center;\"><\/h1>\n[\/vc_column_text][vc_single_image image=&#8221;323&#8243; img_size=&#8221;300&#215;300&#8243; alignment=&#8221;center&#8221; style=&#8221;vc_box_outline&#8221; border_color=&#8221;orange&#8221;][\/vc_column][vc_column width=&#8221;1\/3&#8243;][vc_column_text]\n<h4 style=\"text-align: center;\"><strong><span style=\"font-family: verdana, geneva, sans-serif;\">Lenght Seperator<\/span><\/strong><\/h4>\n<hr \/>\n<h1 style=\"text-align: center;\"><\/h1>\n[\/vc_column_text][vc_single_image image=&#8221;324&#8243; img_size=&#8221;300&#215;300&#8243; alignment=&#8221;center&#8221; style=&#8221;vc_box_outline&#8221; border_color=&#8221;orange&#8221;][\/vc_column][vc_column width=&#8221;1\/3&#8243;][vc_column_text]\n<h4 style=\"text-align: center;\"><strong><span style=\"font-family: verdana, geneva, sans-serif;\">\u00a0Easy Dump Operator<\/span><\/strong><\/h4>\n<hr \/>\n<h1 style=\"text-align: center;\"><\/h1>\n[\/vc_column_text][vc_single_image image=&#8221;325&#8243; img_size=&#8221;300&#215;300&#8243; alignment=&#8221;center&#8221; style=&#8221;vc_box_outline&#8221; border_color=&#8221;orange&#8221;][\/vc_column][\/vc_row][vc_row][vc_column width=&#8221;1\/3&#8243;][vc_column_text]\n<h4 style=\"text-align: center;\"><strong><span style=\"font-family: verdana, geneva, sans-serif;\">Mobile Peanut Density Separator<\/span><\/strong><\/h4>\n<hr \/>\n<h1 style=\"text-align: center;\"><\/h1>\n[\/vc_column_text][vc_single_image image=&#8221;326&#8243; img_size=&#8221;300&#215;300&#8243; alignment=&#8221;center&#8221; style=&#8221;vc_box_outline&#8221; border_color=&#8221;orange&#8221;][\/vc_column][vc_column width=&#8221;1\/3&#8243;][vc_column_text]\n<h4 style=\"text-align: center;\"><strong><span style=\"font-family: verdana, geneva, sans-serif;\">Peanut Density Separator<\/span><\/strong><\/h4>\n<hr \/>\n<h1 style=\"text-align: center;\"><\/h1>\n[\/vc_column_text][vc_single_image image=&#8221;327&#8243; img_size=&#8221;300&#215;300&#8243; alignment=&#8221;center&#8221; style=&#8221;vc_box_outline&#8221; border_color=&#8221;orange&#8221;][\/vc_column][\/vc_row]\n<\/div>","protected":false},"excerpt":{"rendered":"<p>[vc_row][vc_column][vc_column_text][\/vc_column_text][\/vc_column][\/vc_row][vc_row][vc_column width=&#8221;2\/3&#8243;][vc_column_text] Our company was established in 1997 in Osmaniye and manufactures dried nuts machines. Especially in the peanut sector, we are the pioneer in the sector with the design, quality and performance of the machines we manufacture. In the machines designed and manufactured for ground conversion preparation, internal conversion and processing, it avoided 8% [&hellip;]<\/p>\n","protected":false},"author":1,"featured_media":0,"parent":0,"menu_order":0,"comment_status":"closed","ping_status":"closed","template":"","meta":{"footnotes":""},"class_list":["post-7","page","type-page","status-publish","hentry"],"yoast_head":"<!-- This site is optimized with the Yoast SEO plugin v26.0 - https:\/\/yoast.com\/wordpress\/plugins\/seo\/ -->\n<title>Homepage - Ba\u011fdatl\u0131 makina I Yer F\u0131st\u0131\u011f\u0131 Makinelerinde &Ouml;nc&uuml; Kurulu\u015f<\/title>\n<meta name=\"description\" content=\"Firmam\u0131z 1997 y\u0131l\u0131nda Osmaniye`de kurulmu\u015f olup kuruyemi\u015f makineleri imalat\u0131 yapmaktad\u0131r. \u00d6zellikle Yer f\u0131st\u0131\u011f\u0131 sekt\u00f6r\u00fcnde imal etti\u011fimiz makinelerin tasar\u0131m, kalite ve performans\u0131yla sekt\u00f6r\u00fcnde \u00f6nc\u00fc bir kurulu\u015ftur.\" \/>\n<meta name=\"robots\" content=\"index, follow, max-snippet:-1, max-image-preview:large, max-video-preview:-1\" \/>\n<link rel=\"canonical\" href=\"https:\/\/www.bagdatlimakine.com.tr\/\" \/>\n<meta property=\"og:locale\" content=\"en_US\" \/>\n<meta property=\"og:type\" content=\"article\" \/>\n<meta property=\"og:title\" content=\"Homepage - Ba\u011fdatl\u0131 makina I Yer F\u0131st\u0131\u011f\u0131 Makinelerinde &Ouml;nc&uuml; Kurulu\u015f\" \/>\n<meta property=\"og:description\" content=\"Firmam\u0131z 1997 y\u0131l\u0131nda Osmaniye`de kurulmu\u015f olup kuruyemi\u015f makineleri imalat\u0131 yapmaktad\u0131r. \u00d6zellikle Yer f\u0131st\u0131\u011f\u0131 sekt\u00f6r\u00fcnde imal etti\u011fimiz makinelerin tasar\u0131m, kalite ve performans\u0131yla sekt\u00f6r\u00fcnde \u00f6nc\u00fc bir kurulu\u015ftur.\" \/>\n<meta property=\"og:url\" content=\"https:\/\/www.bagdatlimakine.com.tr\/\" \/>\n<meta property=\"og:site_name\" content=\"Ba\u011fdatl\u0131 makina I Yer F\u0131st\u0131\u011f\u0131 Makinelerinde &Ouml;nc&uuml; Kurulu\u015f\" \/>\n<meta property=\"article:modified_time\" content=\"2018-01-24T18:49:28+00:00\" \/>\n<meta name=\"twitter:card\" content=\"summary_large_image\" \/>\n<meta name=\"twitter:label1\" content=\"Est. reading time\" \/>\n\t<meta name=\"twitter:data1\" content=\"5 minutes\" \/>\n<script type=\"application\/ld+json\" class=\"yoast-schema-graph\">{\"@context\":\"https:\/\/schema.org\",\"@graph\":[{\"@type\":\"WebPage\",\"@id\":\"https:\/\/www.bagdatlimakine.com.tr\/\",\"url\":\"https:\/\/www.bagdatlimakine.com.tr\/\",\"name\":\"Homepage - Ba\u011fdatl\u0131 makina I Yer F\u0131st\u0131\u011f\u0131 Makinelerinde &Ouml;nc&uuml; Kurulu\u015f\",\"isPartOf\":{\"@id\":\"https:\/\/www.bagdatlimakine.com.tr\/#website\"},\"datePublished\":\"2017-02-03T20:00:41+00:00\",\"dateModified\":\"2018-01-24T18:49:28+00:00\",\"description\":\"Firmam\u0131z 1997 y\u0131l\u0131nda Osmaniye`de kurulmu\u015f olup kuruyemi\u015f makineleri imalat\u0131 yapmaktad\u0131r. \u00d6zellikle Yer f\u0131st\u0131\u011f\u0131 sekt\u00f6r\u00fcnde imal etti\u011fimiz makinelerin tasar\u0131m, kalite ve performans\u0131yla sekt\u00f6r\u00fcnde \u00f6nc\u00fc bir kurulu\u015ftur.\",\"breadcrumb\":{\"@id\":\"https:\/\/www.bagdatlimakine.com.tr\/#breadcrumb\"},\"inLanguage\":\"en-US\",\"potentialAction\":[{\"@type\":\"ReadAction\",\"target\":[\"https:\/\/www.bagdatlimakine.com.tr\/\"]}]},{\"@type\":\"BreadcrumbList\",\"@id\":\"https:\/\/www.bagdatlimakine.com.tr\/#breadcrumb\",\"itemListElement\":[{\"@type\":\"ListItem\",\"position\":1,\"name\":\"Ana sayfa\",\"item\":\"https:\/\/www.bagdatlimakine.com.tr\/\"},{\"@type\":\"ListItem\",\"position\":2,\"name\":\"Anasayfa\"}]},{\"@type\":\"WebSite\",\"@id\":\"https:\/\/www.bagdatlimakine.com.tr\/#website\",\"url\":\"https:\/\/www.bagdatlimakine.com.tr\/\",\"name\":\"Ba\u011fdatl\u0131 makina I Yer F\u0131st\u0131\u011f\u0131 Makinelerinde &Ouml;nc&uuml; Kurulu\u015f\",\"description\":\"Leading Institution in Peanut Machinery\",\"potentialAction\":[{\"@type\":\"SearchAction\",\"target\":{\"@type\":\"EntryPoint\",\"urlTemplate\":\"https:\/\/www.bagdatlimakine.com.tr\/?s={search_term_string}\"},\"query-input\":{\"@type\":\"PropertyValueSpecification\",\"valueRequired\":true,\"valueName\":\"search_term_string\"}}],\"inLanguage\":\"en-US\"}]}<\/script>\n<!-- \/ Yoast SEO plugin. -->","yoast_head_json":{"title":"Homepage - Ba\u011fdatl\u0131 makina I Yer F\u0131st\u0131\u011f\u0131 Makinelerinde &Ouml;nc&uuml; Kurulu\u015f","description":"Firmam\u0131z 1997 y\u0131l\u0131nda Osmaniye`de kurulmu\u015f olup kuruyemi\u015f makineleri imalat\u0131 yapmaktad\u0131r. \u00d6zellikle Yer f\u0131st\u0131\u011f\u0131 sekt\u00f6r\u00fcnde imal etti\u011fimiz makinelerin tasar\u0131m, kalite ve performans\u0131yla sekt\u00f6r\u00fcnde \u00f6nc\u00fc bir kurulu\u015ftur.","robots":{"index":"index","follow":"follow","max-snippet":"max-snippet:-1","max-image-preview":"max-image-preview:large","max-video-preview":"max-video-preview:-1"},"canonical":"https:\/\/www.bagdatlimakine.com.tr\/","og_locale":"en_US","og_type":"article","og_title":"Homepage - Ba\u011fdatl\u0131 makina I Yer F\u0131st\u0131\u011f\u0131 Makinelerinde &Ouml;nc&uuml; Kurulu\u015f","og_description":"Firmam\u0131z 1997 y\u0131l\u0131nda Osmaniye`de kurulmu\u015f olup kuruyemi\u015f makineleri imalat\u0131 yapmaktad\u0131r. \u00d6zellikle Yer f\u0131st\u0131\u011f\u0131 sekt\u00f6r\u00fcnde imal etti\u011fimiz makinelerin tasar\u0131m, kalite ve performans\u0131yla sekt\u00f6r\u00fcnde \u00f6nc\u00fc bir kurulu\u015ftur.","og_url":"https:\/\/www.bagdatlimakine.com.tr\/","og_site_name":"Ba\u011fdatl\u0131 makina I Yer F\u0131st\u0131\u011f\u0131 Makinelerinde &Ouml;nc&uuml; Kurulu\u015f","article_modified_time":"2018-01-24T18:49:28+00:00","twitter_card":"summary_large_image","twitter_misc":{"Est. reading time":"5 minutes"},"schema":{"@context":"https:\/\/schema.org","@graph":[{"@type":"WebPage","@id":"https:\/\/www.bagdatlimakine.com.tr\/","url":"https:\/\/www.bagdatlimakine.com.tr\/","name":"Homepage - Ba\u011fdatl\u0131 makina I Yer F\u0131st\u0131\u011f\u0131 Makinelerinde &Ouml;nc&uuml; Kurulu\u015f","isPartOf":{"@id":"https:\/\/www.bagdatlimakine.com.tr\/#website"},"datePublished":"2017-02-03T20:00:41+00:00","dateModified":"2018-01-24T18:49:28+00:00","description":"Firmam\u0131z 1997 y\u0131l\u0131nda Osmaniye`de kurulmu\u015f olup kuruyemi\u015f makineleri imalat\u0131 yapmaktad\u0131r. \u00d6zellikle Yer f\u0131st\u0131\u011f\u0131 sekt\u00f6r\u00fcnde imal etti\u011fimiz makinelerin tasar\u0131m, kalite ve performans\u0131yla sekt\u00f6r\u00fcnde \u00f6nc\u00fc bir kurulu\u015ftur.","breadcrumb":{"@id":"https:\/\/www.bagdatlimakine.com.tr\/#breadcrumb"},"inLanguage":"en-US","potentialAction":[{"@type":"ReadAction","target":["https:\/\/www.bagdatlimakine.com.tr\/"]}]},{"@type":"BreadcrumbList","@id":"https:\/\/www.bagdatlimakine.com.tr\/#breadcrumb","itemListElement":[{"@type":"ListItem","position":1,"name":"Ana sayfa","item":"https:\/\/www.bagdatlimakine.com.tr\/"},{"@type":"ListItem","position":2,"name":"Anasayfa"}]},{"@type":"WebSite","@id":"https:\/\/www.bagdatlimakine.com.tr\/#website","url":"https:\/\/www.bagdatlimakine.com.tr\/","name":"Ba\u011fdatl\u0131 makina I Yer F\u0131st\u0131\u011f\u0131 Makinelerinde &Ouml;nc&uuml; Kurulu\u015f","description":"Leading Institution in Peanut Machinery","potentialAction":[{"@type":"SearchAction","target":{"@type":"EntryPoint","urlTemplate":"https:\/\/www.bagdatlimakine.com.tr\/?s={search_term_string}"},"query-input":{"@type":"PropertyValueSpecification","valueRequired":true,"valueName":"search_term_string"}}],"inLanguage":"en-US"}]}},"_links":{"self":[{"href":"https:\/\/www.bagdatlimakine.com.tr\/en\/wp-json\/wp\/v2\/pages\/7","targetHints":{"allow":["GET"]}}],"collection":[{"href":"https:\/\/www.bagdatlimakine.com.tr\/en\/wp-json\/wp\/v2\/pages"}],"about":[{"href":"https:\/\/www.bagdatlimakine.com.tr\/en\/wp-json\/wp\/v2\/types\/page"}],"author":[{"embeddable":true,"href":"https:\/\/www.bagdatlimakine.com.tr\/en\/wp-json\/wp\/v2\/users\/1"}],"replies":[{"embeddable":true,"href":"https:\/\/www.bagdatlimakine.com.tr\/en\/wp-json\/wp\/v2\/comments?post=7"}],"version-history":[{"count":0,"href":"https:\/\/www.bagdatlimakine.com.tr\/en\/wp-json\/wp\/v2\/pages\/7\/revisions"}],"wp:attachment":[{"href":"https:\/\/www.bagdatlimakine.com.tr\/en\/wp-json\/wp\/v2\/media?parent=7"}],"curies":[{"name":"wp","href":"https:\/\/api.w.org\/{rel}","templated":true}]}}