{"id":9,"date":"2017-02-03T22:00:41","date_gmt":"2017-02-03T20:00:41","guid":{"rendered":"https:\/\/www.bagdatlimakine.com.tr\/?page_id=9"},"modified":"2022-07-15T17:31:45","modified_gmt":"2022-07-15T14:31:45","slug":"bize-ulasin","status":"publish","type":"page","link":"https:\/\/www.bagdatlimakine.com.tr\/en\/bize-ulasin","title":{"rendered":"Contact Us"},"content":{"rendered":"<div class=\"wpb-content-wrapper\">[vc_row][vc_column width=&#8221;1\/2&#8243;]\n<div class=\"wpcf7 no-js\" id=\"wpcf7-f260-o2\" lang=\"tr-TR\" dir=\"ltr\" data-wpcf7-id=\"260\">\n<div class=\"screen-reader-response\"><p role=\"status\" aria-live=\"polite\" aria-atomic=\"true\"><\/p> <ul><\/ul><\/div>\n<form action=\"\/en\/wp-json\/wp\/v2\/pages\/9#wpcf7-f260-o2\" method=\"post\" class=\"wpcf7-form init\" aria-label=\"\u0130leti\u015fim Formu\" novalidate=\"novalidate\" data-status=\"init\">\n<fieldset class=\"hidden-fields-container\"><input type=\"hidden\" name=\"_wpcf7\" value=\"260\" \/><input type=\"hidden\" name=\"_wpcf7_version\" value=\"6.1.2\" \/><input type=\"hidden\" name=\"_wpcf7_locale\" value=\"tr_TR\" \/><input type=\"hidden\" name=\"_wpcf7_unit_tag\" value=\"wpcf7-f260-o2\" \/><input type=\"hidden\" name=\"_wpcf7_container_post\" value=\"0\" \/><input type=\"hidden\" name=\"_wpcf7_posted_data_hash\" value=\"\" \/>\n<\/fieldset>\n<p><label> Your Name(required)<br \/>\n<span class=\"wpcf7-form-control-wrap\" data-name=\"your-name\"><input size=\"40\" maxlength=\"400\" class=\"wpcf7-form-control wpcf7-text wpcf7-validates-as-required\" aria-required=\"true\" aria-invalid=\"false\" value=\"\" type=\"text\" name=\"your-name\" \/><\/span> <\/label>\n<\/p>\n<p><label> Your Email (required)<br \/>\n<span class=\"wpcf7-form-control-wrap\" data-name=\"your-email\"><input size=\"40\" maxlength=\"400\" class=\"wpcf7-form-control wpcf7-email wpcf7-validates-as-required wpcf7-text wpcf7-validates-as-email\" aria-required=\"true\" aria-invalid=\"false\" value=\"\" type=\"email\" name=\"your-email\" \/><\/span> <\/label>\n<\/p>\n<p><label> Subject<br \/>\n<span class=\"wpcf7-form-control-wrap\" data-name=\"your-subject\"><input size=\"40\" maxlength=\"400\" class=\"wpcf7-form-control wpcf7-text\" aria-invalid=\"false\" value=\"\" type=\"text\" name=\"your-subject\" \/><\/span> <\/label>\n<\/p>\n<p><label> Message<br \/>\n<span class=\"wpcf7-form-control-wrap\" data-name=\"your-message\"><textarea cols=\"40\" rows=\"10\" maxlength=\"2000\" class=\"wpcf7-form-control wpcf7-textarea\" aria-invalid=\"false\" name=\"your-message\"><\/textarea><\/span> <\/label>\n<\/p>\n<p><input class=\"wpcf7-form-control wpcf7-submit has-spinner\" type=\"submit\" value=\"submit\" \/>\n<\/p><div class=\"wpcf7-response-output\" aria-hidden=\"true\"><\/div>\n<\/form>\n<\/div>\n[\/vc_column][vc_column width=&#8221;1\/2&#8243;][vc_column_text css_animation=&#8221;right-to-left&#8221;]<strong>ADDRESS<br \/>\n<\/strong><\/p>\n<hr \/>\n<p><strong>Address :\u00a0<\/strong>D-4 Karayolu 1. Km., Merkez, <strong>OSMANIYE \/ TURKEY<\/strong><\/p>\n<p><strong>Phone: \u00a0\u00a0<\/strong>+\u00a090\u00a0 328 812 91 40<br \/>\n<strong>Fax:<\/strong>\u00a0 \u00a0 \u00a0 \u00a0 \u00a0+90\u00a0328<br \/>\n<strong>Mobile:<\/strong> \u00a0+90 532<br \/>\n<strong>Email:<\/strong>\u00a0 \u00a0\u00a0<a href=\"mailto:info@akytechnology.com\">\u00a0info@<\/a>bagdatlimakine.com<\/p>\n<hr \/>\n[\/vc_column_text][\/vc_column][\/vc_row][vc_row][vc_column][vc_gmaps link=&#8221;#E-8_JTNDaWZyYW1lJTIwc3JjJTNEJTIyaHR0cHMlM0ElMkYlMkZ3d3cuZ29vZ2xlLmNvbSUyRm1hcHMlMkZlbWJlZCUzRnBiJTNEJTIxMW0xNCUyMTFtOCUyMTFtMyUyMTFkMTI3MzAuMzAyNjg2MzY1MzA5JTIxMmQzNi4yODE3MjMlMjEzZDM3LjA5MTQxMiUyMTNtMiUyMTFpMTAyNCUyMTJpNzY4JTIxNGYxMy4xJTIxM20zJTIxMW0yJTIxMXMweDAlMjUzQTB4ODlkMTVmODE3ZjZmZDI5NiUyMTJ6UW1IRW4yUmhkR3pFc1NCTllXdHBibUUlMjE1ZTAlMjEzbTIlMjExc3RyJTIxMnN0ciUyMTR2MTQ4ODgxMDM3NzY0MCUyMiUyMHdpZHRoJTNEJTIyNjAwJTIyJTIwaGVpZ2h0JTNEJTIyNDUwJTIyJTIwZnJhbWVib3JkZXIlM0QlMjIwJTIyJTIwc3R5bGUlM0QlMjJib3JkZXIlM0EwJTIyJTIwYWxsb3dmdWxsc2NyZWVuJTNFJTNDJTJGaWZyYW1lJTNF&#8221; css_animation=&#8221;bottom-to-top&#8221;][\/vc_column][\/vc_row]\n<\/div>","protected":false},"excerpt":{"rendered":"<p>[vc_row][vc_column width=&#8221;1\/2&#8243;][\/vc_column][vc_column width=&#8221;1\/2&#8243;][vc_column_text css_animation=&#8221;right-to-left&#8221;]ADDRESS Address :\u00a0D-4 Karayolu 1. Km., Merkez, OSMANIYE \/ TURKEY Phone: \u00a0\u00a0+\u00a090\u00a0 328 812 91 40 Fax:\u00a0 \u00a0 \u00a0 \u00a0 \u00a0+90\u00a0328 Mobile: \u00a0+90 532 Email:\u00a0 \u00a0\u00a0\u00a0info@bagdatlimakine.com [\/vc_column_text][\/vc_column][\/vc_row][vc_row][vc_column][vc_gmaps link=&#8221;#E-8_JTNDaWZyYW1lJTIwc3JjJTNEJTIyaHR0cHMlM0ElMkYlMkZ3d3cuZ29vZ2xlLmNvbSUyRm1hcHMlMkZlbWJlZCUzRnBiJTNEJTIxMW0xNCUyMTFtOCUyMTFtMyUyMTFkMTI3MzAuMzAyNjg2MzY1MzA5JTIxMmQzNi4yODE3MjMlMjEzZDM3LjA5MTQxMiUyMTNtMiUyMTFpMTAyNCUyMTJpNzY4JTIxNGYxMy4xJTIxM20zJTIxMW0yJTIxMXMweDAlMjUzQTB4ODlkMTVmODE3ZjZmZDI5NiUyMTJ6UW1IRW4yUmhkR3pFc1NCTllXdHBibUUlMjE1ZTAlMjEzbTIlMjExc3RyJTIxMnN0ciUyMTR2MTQ4ODgxMDM3NzY0MCUyMiUyMHdpZHRoJTNEJTIyNjAwJTIyJTIwaGVpZ2h0JTNEJTIyNDUwJTIyJTIwZnJhbWVib3JkZXIlM0QlMjIwJTIyJTIwc3R5bGUlM0QlMjJib3JkZXIlM0EwJTIyJTIwYWxsb3dmdWxsc2NyZWVuJTNFJTNDJTJGaWZyYW1lJTNF&#8221; css_animation=&#8221;bottom-to-top&#8221;][\/vc_column][\/vc_row]<\/p>\n","protected":false},"author":1,"featured_media":0,"parent":0,"menu_order":0,"comment_status":"closed","ping_status":"closed","template":"","meta":{"footnotes":""},"class_list":["post-9","page","type-page","status-publish","hentry"],"yoast_head":"<!-- This site is optimized with the Yoast SEO plugin v26.0 - https:\/\/yoast.com\/wordpress\/plugins\/seo\/ -->\n<title>Contact Us - Ba\u011fdatl\u0131 makina I Yer F\u0131st\u0131\u011f\u0131 Makinelerinde &Ouml;nc&uuml; Kurulu\u015f<\/title>\n<meta name=\"robots\" content=\"index, follow, max-snippet:-1, max-image-preview:large, max-video-preview:-1\" \/>\n<link rel=\"canonical\" href=\"https:\/\/www.bagdatlimakine.com.tr\/bize-ulasin\" \/>\n<meta property=\"og:locale\" content=\"en_US\" \/>\n<meta property=\"og:type\" content=\"article\" \/>\n<meta property=\"og:title\" content=\"Contact Us - Ba\u011fdatl\u0131 makina I Yer F\u0131st\u0131\u011f\u0131 Makinelerinde &Ouml;nc&uuml; Kurulu\u015f\" \/>\n<meta property=\"og:description\" content=\"[vc_row][vc_column width=&#8221;1\/2&#8243;][\/vc_column][vc_column width=&#8221;1\/2&#8243;][vc_column_text css_animation=&#8221;right-to-left&#8221;]ADDRESS Address :\u00a0D-4 Karayolu 1. Km., Merkez, OSMANIYE \/ TURKEY Phone: \u00a0\u00a0+\u00a090\u00a0 328 812 91 40 Fax:\u00a0 \u00a0 \u00a0 \u00a0 \u00a0+90\u00a0328 Mobile: \u00a0+90 532 Email:\u00a0 \u00a0\u00a0\u00a0info@bagdatlimakine.com [\/vc_column_text][\/vc_column][\/vc_row][vc_row][vc_column][vc_gmaps link=&#8221;#E-8_JTNDaWZyYW1lJTIwc3JjJTNEJTIyaHR0cHMlM0ElMkYlMkZ3d3cuZ29vZ2xlLmNvbSUyRm1hcHMlMkZlbWJlZCUzRnBiJTNEJTIxMW0xNCUyMTFtOCUyMTFtMyUyMTFkMTI3MzAuMzAyNjg2MzY1MzA5JTIxMmQzNi4yODE3MjMlMjEzZDM3LjA5MTQxMiUyMTNtMiUyMTFpMTAyNCUyMTJpNzY4JTIxNGYxMy4xJTIxM20zJTIxMW0yJTIxMXMweDAlMjUzQTB4ODlkMTVmODE3ZjZmZDI5NiUyMTJ6UW1IRW4yUmhkR3pFc1NCTllXdHBibUUlMjE1ZTAlMjEzbTIlMjExc3RyJTIxMnN0ciUyMTR2MTQ4ODgxMDM3NzY0MCUyMiUyMHdpZHRoJTNEJTIyNjAwJTIyJTIwaGVpZ2h0JTNEJTIyNDUwJTIyJTIwZnJhbWVib3JkZXIlM0QlMjIwJTIyJTIwc3R5bGUlM0QlMjJib3JkZXIlM0EwJTIyJTIwYWxsb3dmdWxsc2NyZWVuJTNFJTNDJTJGaWZyYW1lJTNF&#8221; css_animation=&#8221;bottom-to-top&#8221;][\/vc_column][\/vc_row]\" \/>\n<meta property=\"og:url\" content=\"https:\/\/www.bagdatlimakine.com.tr\/bize-ulasin\" \/>\n<meta property=\"og:site_name\" content=\"Ba\u011fdatl\u0131 makina I Yer F\u0131st\u0131\u011f\u0131 Makinelerinde &Ouml;nc&uuml; Kurulu\u015f\" \/>\n<meta property=\"article:modified_time\" content=\"2022-07-15T14:31:45+00:00\" \/>\n<meta name=\"twitter:card\" content=\"summary_large_image\" \/>\n<meta name=\"twitter:label1\" content=\"Est. reading time\" \/>\n\t<meta name=\"twitter:data1\" content=\"1 minute\" \/>\n<script type=\"application\/ld+json\" class=\"yoast-schema-graph\">{\"@context\":\"https:\/\/schema.org\",\"@graph\":[{\"@type\":\"WebPage\",\"@id\":\"https:\/\/www.bagdatlimakine.com.tr\/bize-ulasin\",\"url\":\"https:\/\/www.bagdatlimakine.com.tr\/bize-ulasin\",\"name\":\"Contact Us - Ba\u011fdatl\u0131 makina I Yer F\u0131st\u0131\u011f\u0131 Makinelerinde &Ouml;nc&uuml; Kurulu\u015f\",\"isPartOf\":{\"@id\":\"https:\/\/www.bagdatlimakine.com.tr\/#website\"},\"datePublished\":\"2017-02-03T20:00:41+00:00\",\"dateModified\":\"2022-07-15T14:31:45+00:00\",\"breadcrumb\":{\"@id\":\"https:\/\/www.bagdatlimakine.com.tr\/bize-ulasin#breadcrumb\"},\"inLanguage\":\"en-US\",\"potentialAction\":[{\"@type\":\"ReadAction\",\"target\":[\"https:\/\/www.bagdatlimakine.com.tr\/bize-ulasin\"]}]},{\"@type\":\"BreadcrumbList\",\"@id\":\"https:\/\/www.bagdatlimakine.com.tr\/bize-ulasin#breadcrumb\",\"itemListElement\":[{\"@type\":\"ListItem\",\"position\":1,\"name\":\"Ana sayfa\",\"item\":\"https:\/\/www.bagdatlimakine.com.tr\/\"},{\"@type\":\"ListItem\",\"position\":2,\"name\":\"Bize ula\u015f\u0131n\"}]},{\"@type\":\"WebSite\",\"@id\":\"https:\/\/www.bagdatlimakine.com.tr\/#website\",\"url\":\"https:\/\/www.bagdatlimakine.com.tr\/\",\"name\":\"Ba\u011fdatl\u0131 makina I Yer F\u0131st\u0131\u011f\u0131 Makinelerinde &Ouml;nc&uuml; Kurulu\u015f\",\"description\":\"Leading Institution in Peanut Machinery\",\"potentialAction\":[{\"@type\":\"SearchAction\",\"target\":{\"@type\":\"EntryPoint\",\"urlTemplate\":\"https:\/\/www.bagdatlimakine.com.tr\/?s={search_term_string}\"},\"query-input\":{\"@type\":\"PropertyValueSpecification\",\"valueRequired\":true,\"valueName\":\"search_term_string\"}}],\"inLanguage\":\"en-US\"}]}<\/script>\n<!-- \/ Yoast SEO plugin. -->","yoast_head_json":{"title":"Contact Us - Ba\u011fdatl\u0131 makina I Yer F\u0131st\u0131\u011f\u0131 Makinelerinde &Ouml;nc&uuml; Kurulu\u015f","robots":{"index":"index","follow":"follow","max-snippet":"max-snippet:-1","max-image-preview":"max-image-preview:large","max-video-preview":"max-video-preview:-1"},"canonical":"https:\/\/www.bagdatlimakine.com.tr\/bize-ulasin","og_locale":"en_US","og_type":"article","og_title":"Contact Us - Ba\u011fdatl\u0131 makina I Yer F\u0131st\u0131\u011f\u0131 Makinelerinde &Ouml;nc&uuml; Kurulu\u015f","og_description":"[vc_row][vc_column width=&#8221;1\/2&#8243;][\/vc_column][vc_column width=&#8221;1\/2&#8243;][vc_column_text css_animation=&#8221;right-to-left&#8221;]ADDRESS Address :\u00a0D-4 Karayolu 1. Km., Merkez, OSMANIYE \/ TURKEY Phone: \u00a0\u00a0+\u00a090\u00a0 328 812 91 40 Fax:\u00a0 \u00a0 \u00a0 \u00a0 \u00a0+90\u00a0328 Mobile: \u00a0+90 532 Email:\u00a0 \u00a0\u00a0\u00a0info@bagdatlimakine.com [\/vc_column_text][\/vc_column][\/vc_row][vc_row][vc_column][vc_gmaps link=&#8221;#E-8_JTNDaWZyYW1lJTIwc3JjJTNEJTIyaHR0cHMlM0ElMkYlMkZ3d3cuZ29vZ2xlLmNvbSUyRm1hcHMlMkZlbWJlZCUzRnBiJTNEJTIxMW0xNCUyMTFtOCUyMTFtMyUyMTFkMTI3MzAuMzAyNjg2MzY1MzA5JTIxMmQzNi4yODE3MjMlMjEzZDM3LjA5MTQxMiUyMTNtMiUyMTFpMTAyNCUyMTJpNzY4JTIxNGYxMy4xJTIxM20zJTIxMW0yJTIxMXMweDAlMjUzQTB4ODlkMTVmODE3ZjZmZDI5NiUyMTJ6UW1IRW4yUmhkR3pFc1NCTllXdHBibUUlMjE1ZTAlMjEzbTIlMjExc3RyJTIxMnN0ciUyMTR2MTQ4ODgxMDM3NzY0MCUyMiUyMHdpZHRoJTNEJTIyNjAwJTIyJTIwaGVpZ2h0JTNEJTIyNDUwJTIyJTIwZnJhbWVib3JkZXIlM0QlMjIwJTIyJTIwc3R5bGUlM0QlMjJib3JkZXIlM0EwJTIyJTIwYWxsb3dmdWxsc2NyZWVuJTNFJTNDJTJGaWZyYW1lJTNF&#8221; css_animation=&#8221;bottom-to-top&#8221;][\/vc_column][\/vc_row]","og_url":"https:\/\/www.bagdatlimakine.com.tr\/bize-ulasin","og_site_name":"Ba\u011fdatl\u0131 makina I Yer F\u0131st\u0131\u011f\u0131 Makinelerinde &Ouml;nc&uuml; Kurulu\u015f","article_modified_time":"2022-07-15T14:31:45+00:00","twitter_card":"summary_large_image","twitter_misc":{"Est. reading time":"1 minute"},"schema":{"@context":"https:\/\/schema.org","@graph":[{"@type":"WebPage","@id":"https:\/\/www.bagdatlimakine.com.tr\/bize-ulasin","url":"https:\/\/www.bagdatlimakine.com.tr\/bize-ulasin","name":"Contact Us - Ba\u011fdatl\u0131 makina I Yer F\u0131st\u0131\u011f\u0131 Makinelerinde &Ouml;nc&uuml; Kurulu\u015f","isPartOf":{"@id":"https:\/\/www.bagdatlimakine.com.tr\/#website"},"datePublished":"2017-02-03T20:00:41+00:00","dateModified":"2022-07-15T14:31:45+00:00","breadcrumb":{"@id":"https:\/\/www.bagdatlimakine.com.tr\/bize-ulasin#breadcrumb"},"inLanguage":"en-US","potentialAction":[{"@type":"ReadAction","target":["https:\/\/www.bagdatlimakine.com.tr\/bize-ulasin"]}]},{"@type":"BreadcrumbList","@id":"https:\/\/www.bagdatlimakine.com.tr\/bize-ulasin#breadcrumb","itemListElement":[{"@type":"ListItem","position":1,"name":"Ana sayfa","item":"https:\/\/www.bagdatlimakine.com.tr\/"},{"@type":"ListItem","position":2,"name":"Bize ula\u015f\u0131n"}]},{"@type":"WebSite","@id":"https:\/\/www.bagdatlimakine.com.tr\/#website","url":"https:\/\/www.bagdatlimakine.com.tr\/","name":"Ba\u011fdatl\u0131 makina I Yer F\u0131st\u0131\u011f\u0131 Makinelerinde &Ouml;nc&uuml; Kurulu\u015f","description":"Leading Institution in Peanut Machinery","potentialAction":[{"@type":"SearchAction","target":{"@type":"EntryPoint","urlTemplate":"https:\/\/www.bagdatlimakine.com.tr\/?s={search_term_string}"},"query-input":{"@type":"PropertyValueSpecification","valueRequired":true,"valueName":"search_term_string"}}],"inLanguage":"en-US"}]}},"_links":{"self":[{"href":"https:\/\/www.bagdatlimakine.com.tr\/en\/wp-json\/wp\/v2\/pages\/9","targetHints":{"allow":["GET"]}}],"collection":[{"href":"https:\/\/www.bagdatlimakine.com.tr\/en\/wp-json\/wp\/v2\/pages"}],"about":[{"href":"https:\/\/www.bagdatlimakine.com.tr\/en\/wp-json\/wp\/v2\/types\/page"}],"author":[{"embeddable":true,"href":"https:\/\/www.bagdatlimakine.com.tr\/en\/wp-json\/wp\/v2\/users\/1"}],"replies":[{"embeddable":true,"href":"https:\/\/www.bagdatlimakine.com.tr\/en\/wp-json\/wp\/v2\/comments?post=9"}],"version-history":[{"count":1,"href":"https:\/\/www.bagdatlimakine.com.tr\/en\/wp-json\/wp\/v2\/pages\/9\/revisions"}],"predecessor-version":[{"id":516,"href":"https:\/\/www.bagdatlimakine.com.tr\/en\/wp-json\/wp\/v2\/pages\/9\/revisions\/516"}],"wp:attachment":[{"href":"https:\/\/www.bagdatlimakine.com.tr\/en\/wp-json\/wp\/v2\/media?parent=9"}],"curies":[{"name":"wp","href":"https:\/\/api.w.org\/{rel}","templated":true}]}}